{"id":563,"date":"2023-10-27T00:22:57","date_gmt":"2023-10-26T22:22:57","guid":{"rendered":"http:\/\/retav.ubiobio.cl\/fic_web\/?page_id=563"},"modified":"2023-11-10T22:47:13","modified_gmt":"2023-11-10T21:47:13","slug":"profesionales-y-empresas","status":"publish","type":"page","link":"https:\/\/retav.ubiobio.cl\/fic_web\/index.php\/profesionales-y-empresas\/","title":{"rendered":"Profesionales y Empresas"},"content":{"rendered":"<p>[et_pb_section fb_built=\u00bb1&#8243; custom_padding_last_edited=\u00bbon|tablet\u00bb _builder_version=\u00bb4.23.1&#8243; _module_preset=\u00bbdefault\u00bb background_image=\u00bbhttp:\/\/retav.ubiobio.cl\/fic_web\/wp-content\/uploads\/2023\/10\/Header-1.png\u00bb background_position=\u00bbbottom_left\u00bb background_horizontal_offset=\u00bb-36%\u00bb background_vertical_offset=\u00bb40%\u00bb custom_padding=\u00bb13px||26px||false|false\u00bb custom_padding_tablet=\u00bb60px||40px||false|false\u00bb custom_padding_phone=\u00bb40px||40px||false|false\u00bb background_last_edited=\u00bbon|phone\u00bb background_position_tablet=\u00bbcenter\u00bb global_colors_info=\u00bb{}\u00bb][et_pb_row _builder_version=\u00bb4.22.2&#8243; _module_preset=\u00bbdefault\u00bb custom_padding=\u00bb|||20px|false|false\u00bb global_colors_info=\u00bb{}\u00bb][et_pb_column type=\u00bb4_4&#8243; _builder_version=\u00bb4.22.2&#8243; _module_preset=\u00bbdefault\u00bb global_colors_info=\u00bb{}\u00bb][et_pb_image src=\u00bbhttp:\/\/retav.ubiobio.cl\/fic_web\/wp-content\/uploads\/2023\/10\/logo_Mesa-de-trabajo-1.svg\u00bb title_text=\u00bbRETAV\u00bb url=\u00bbhttp:\/\/retav.ubiobio.cl\/fic_web\/index.php\/inicio\/\u00bb _builder_version=\u00bb4.23.1&#8243; _module_preset=\u00bbdefault\u00bb width=\u00bb295px\u00bb width_tablet=\u00bb40%\u00bb width_phone=\u00bb70%\u00bb width_last_edited=\u00bbon|phone\u00bb module_alignment=\u00bbleft\u00bb module_alignment_tablet=\u00bbleft\u00bb module_alignment_phone=\u00bbcenter\u00bb module_alignment_last_edited=\u00bbon|phone\u00bb global_colors_info=\u00bb{}\u00bb transform_styles__hover_enabled=\u00bbon|hover\u00bb transform_scale__hover_enabled=\u00bbon|hover\u00bb transform_translate__hover_enabled=\u00bbon|desktop\u00bb transform_rotate__hover_enabled=\u00bbon|desktop\u00bb transform_skew__hover_enabled=\u00bbon|desktop\u00bb transform_origin__hover_enabled=\u00bbon|desktop\u00bb transform_scale__hover=\u00bb105%|105%\u00bb][\/et_pb_image][\/et_pb_column][\/et_pb_row][\/et_pb_section][et_pb_section fb_built=\u00bb1&#8243; custom_padding_last_edited=\u00bbon|phone\u00bb _builder_version=\u00bb4.23.1&#8243; _module_preset=\u00bbdefault\u00bb background_color=\u00bbRGBA(255,255,255,0)\u00bb positioning=\u00bbnone\u00bb z_index=\u00bb9999&#8243; module_alignment=\u00bbcenter\u00bb custom_margin=\u00bb-6px|||||\u00bb custom_margin_tablet=\u00bb0px||||false|false\u00bb custom_margin_last_edited=\u00bboff|desktop\u00bb custom_padding=\u00bb||0px||false|false\u00bb custom_padding_tablet=\u00bb12px||0px||false|false\u00bb custom_padding_phone=\u00bb0px||||false|false\u00bb sticky_position=\u00bbtop\u00bb global_colors_info=\u00bb{}\u00bb custom_padding__sticky_enabled=\u00bboff|desktop\u00bb custom_margin__sticky_enabled=\u00bbon|desktop\u00bb custom_margin__sticky=\u00bb-16px||||false|false\u00bb][et_pb_row column_structure=\u00bb3_4,1_4&#8243; use_custom_gutter=\u00bbon\u00bb gutter_width=\u00bb1&#8243; make_equal=\u00bbon\u00bb custom_padding_last_edited=\u00bboff|phone\u00bb _builder_version=\u00bb4.23.1&#8243; _module_preset=\u00bbdefault\u00bb background_color=\u00bb#1d9c82&#8243; positioning=\u00bbabsolute\u00bb position_origin_a=\u00bbtop_center\u00bb width_tablet=\u00bb90%\u00bb width_phone=\u00bb95%\u00bb width_last_edited=\u00bbon|tablet\u00bb custom_margin=\u00bb-41px|0px||0px|false|false\u00bb custom_margin_tablet=\u00bb-55px|0px||0px|false|true\u00bb custom_margin_phone=\u00bb-55px|0px||0px|false|true\u00bb custom_margin_last_edited=\u00bbon|tablet\u00bb custom_padding=\u00bb9px|23px|10px|40px|false|false\u00bb custom_padding_tablet=\u00bb15px||13px|40px|false|false\u00bb custom_padding_phone=\u00bb15px||10px||false|false\u00bb module_alignment_tablet=\u00bbcenter\u00bb module_alignment_phone=\u00bbcenter\u00bb module_alignment_last_edited=\u00bbon|phone\u00bb custom_css_main_element=\u00bbdisplay: flex;||flex-wrap: wrap;\u00bb border_radii=\u00bboff|15px|15px||\u00bb global_colors_info=\u00bb{}\u00bb custom_margin__sticky_enabled=\u00bbon|desktop\u00bb custom_margin__sticky=\u00bb15px||||false|false\u00bb border_radii__sticky_enabled=\u00bbon|sticky\u00bb border_radii__sticky=\u00bboff|0px|0px||\u00bb][et_pb_column type=\u00bb3_4&#8243; _builder_version=\u00bb4.23.1&#8243; _module_preset=\u00bbdefault\u00bb global_colors_info=\u00bb{}\u00bb custom_css_main_element_last_edited=\u00bbon|tablet\u00bb custom_css_main_element_tablet=\u00bborder: 2;\u00bb custom_css_main_element_phone=\u00bborder: 2;\u00bb][et_pb_menu active_link_color=\u00bb#FFFFFF\u00bb dropdown_menu_bg_color=\u00bb#ffffff\u00bb dropdown_menu_line_color=\u00bb#24C6CE\u00bb dropdown_menu_text_color=\u00bb#474747&#8243; dropdown_menu_active_link_color=\u00bb#000000&#8243; mobile_menu_bg_color=\u00bb#f7f7f7&#8243; mobile_menu_text_color=\u00bb#000000&#8243; menu_icon_color=\u00bb#FFFFFF\u00bb menu_icon_font_size=\u00bb40px\u00bb _builder_version=\u00bb4.23.1&#8243; _module_preset=\u00bbdefault\u00bb menu_font=\u00bbPoppins|700||on|||||\u00bb menu_text_color=\u00bbrgba(255,255,255,0.94)\u00bb menu_font_size=\u00bb16px\u00bb background_enable_color=\u00bboff\u00bb module_alignment=\u00bbleft\u00bb custom_margin=\u00bb16px|-103px|||false|false\u00bb custom_margin_tablet=\u00bb2px|0px|||false|false\u00bb custom_margin_phone=\u00bb2px|0px|||false|false\u00bb custom_margin_last_edited=\u00bbon|phone\u00bb custom_padding=\u00bb|0px||0px|false|false\u00bb text_orientation_tablet=\u00bbcenter\u00bb text_orientation_phone=\u00bbcenter\u00bb text_orientation_last_edited=\u00bbon|tablet\u00bb module_alignment_tablet=\u00bbcenter\u00bb module_alignment_phone=\u00bbcenter\u00bb module_alignment_last_edited=\u00bbon|phone\u00bb global_colors_info=\u00bb{}\u00bb][\/et_pb_menu][\/et_pb_column][et_pb_column type=\u00bb1_4&#8243; disabled_on=\u00bbon|on|off\u00bb _builder_version=\u00bb4.23.1&#8243; _module_preset=\u00bbdefault\u00bb custom_css_main_element=\u00bborder: 1;\u00bb global_colors_info=\u00bb{}\u00bb][et_pb_image src=\u00bbhttp:\/\/retav.ubiobio.cl\/fic_web\/wp-content\/uploads\/2023\/10\/logo-02.svg\u00bb title_text=\u00bbRETAV BLANCO\u00bb url=\u00bbhttp:\/\/retav.ubiobio.cl\/fic_web\/index.php\/inicio\/\u00bb _builder_version=\u00bb4.23.1&#8243; _module_preset=\u00bbdefault\u00bb width=\u00bb75%\u00bb width_tablet=\u00bb29%\u00bb width_phone=\u00bb50%\u00bb width_last_edited=\u00bbon|tablet\u00bb module_alignment=\u00bbright\u00bb custom_margin=\u00bb|0px||0px|false|false\u00bb custom_padding=\u00bb|0px||0px|false|false\u00bb module_alignment_tablet=\u00bbleft\u00bb module_alignment_phone=\u00bbleft\u00bb module_alignment_last_edited=\u00bbon|phone\u00bb global_colors_info=\u00bb{}\u00bb width__hover_enabled=\u00bboff|desktop\u00bb transform_styles__hover_enabled=\u00bbon|hover\u00bb transform_scale__hover_enabled=\u00bbon|hover\u00bb transform_translate__hover_enabled=\u00bbon|desktop\u00bb transform_rotate__hover_enabled=\u00bbon|desktop\u00bb transform_skew__hover_enabled=\u00bbon|desktop\u00bb transform_origin__hover_enabled=\u00bbon|desktop\u00bb transform_scale__hover=\u00bb105%|105%\u00bb][\/et_pb_image][\/et_pb_column][\/et_pb_row][\/et_pb_section][et_pb_section fb_built=\u00bb1&#8243; _builder_version=\u00bb4.23&#8243; _module_preset=\u00bbdefault\u00bb background_color=\u00bbRGBA(255,255,255,0)\u00bb custom_margin=\u00bb0px||0px||false|false\u00bb custom_padding=\u00bb0px||0px||false|false\u00bb global_colors_info=\u00bb{}\u00bb][et_pb_row custom_padding_last_edited=\u00bbon|phone\u00bb _builder_version=\u00bb4.23.1&#8243; _module_preset=\u00bbdefault\u00bb background_color=\u00bb#FFFFFF\u00bb width_tablet=\u00bb90%\u00bb width_phone=\u00bb95%\u00bb width_last_edited=\u00bbon|tablet\u00bb module_alignment=\u00bbcenter\u00bb custom_padding=\u00bb80px|5%|10px|5%|false|true\u00bb custom_padding_tablet=\u00bb80px|5%|10px|5%|false|true\u00bb custom_padding_phone=\u00bb|7%||7%|false|true\u00bb global_colors_info=\u00bb{}\u00bb][et_pb_column type=\u00bb4_4&#8243; _builder_version=\u00bb4.23&#8243; _module_preset=\u00bbdefault\u00bb global_colors_info=\u00bb{}\u00bb][et_pb_text _builder_version=\u00bb4.23.1&#8243; _module_preset=\u00bbdefault\u00bb text_font=\u00bbPoppins|800||on|||||\u00bb text_text_color=\u00bb#1B9B82&#8243; text_font_size=\u00bb21px\u00bb header_2_font=\u00bbPoppins|700|||||||\u00bb header_2_text_align=\u00bbleft\u00bb header_2_text_color=\u00bb#FFFFFF\u00bb header_2_font_size=\u00bb25px\u00bb header_2_line_height=\u00bb1.2em\u00bb background_color=\u00bb#24C6CE\u00bb width_last_edited=\u00bboff|desktop\u00bb module_alignment=\u00bbcenter\u00bb custom_padding=\u00bb14px||4px|30px|false|false\u00bb custom_padding_tablet=\u00bb|||0px|false|false\u00bb custom_padding_phone=\u00bb\u00bb custom_padding_last_edited=\u00bbon|tablet\u00bb hover_enabled=\u00bb0&#8243; header_2_text_align_tablet=\u00bbcenter\u00bb header_2_text_align_phone=\u00bb\u00bb header_2_text_align_last_edited=\u00bbon|tablet\u00bb header_2_font_size_tablet=\u00bb24px\u00bb header_2_font_size_phone=\u00bb23px\u00bb header_2_font_size_last_edited=\u00bbon|phone\u00bb header_2_line_height_tablet=\u00bb1.2em\u00bb header_2_line_height_phone=\u00bb1.2em\u00bb header_2_line_height_last_edited=\u00bboff|tablet\u00bb custom_css_main_element=\u00bbword-spacing: 5px;\u00bb global_colors_info=\u00bb{}\u00bb sticky_enabled=\u00bb0&#8243;]<\/p>\n<h2 id=\"dipi-toc-que-es-retav-biobo0\"><span>\u00bfQU\u00c9 ES EL REGISTRO Y POR QU\u00c9 CERTIFICARSE?<\/span><\/h2>\n<p>[\/et_pb_text][et_pb_image src=\u00bbhttp:\/\/retav.ubiobio.cl\/fic_web\/wp-content\/uploads\/2023\/11\/Figura-3.1.-Registro.png\u00bb title_text=\u00bbFigura 3.1. Registro\u00bb _builder_version=\u00bb4.23.1&#8243; _module_preset=\u00bbdefault\u00bb width=\u00bb70%\u00bb width_tablet=\u00bb100%\u00bb width_phone=\u00bb100%\u00bb width_last_edited=\u00bbon|phone\u00bb module_alignment=\u00bbcenter\u00bb custom_margin=\u00bb45px|||||\u00bb global_colors_info=\u00bb{}\u00bb][\/et_pb_image][et_pb_text _builder_version=\u00bb4.23&#8243; _module_preset=\u00bbdefault\u00bb text_font=\u00bbPoppins|300|||||||\u00bb text_text_color=\u00bb#383838&#8243; text_font_size=\u00bb16px\u00bb text_letter_spacing=\u00bb0.4px\u00bb text_line_height=\u00bb1.8em\u00bb custom_margin=\u00bb35px|||||\u00bb global_colors_info=\u00bb{}\u00bb]<\/p>\n<p>El registro de empresas y profesionales de la construcci\u00f3n y refacci\u00f3n t\u00e9rmica es un listado, o base de datos, que identifica y visibiliza a todas aquellas empresas y profesionales de la construcci\u00f3n capacita- dos y certificados para desarrollar proyectos y obras de refacci\u00f3n t\u00e9rmica, con la mejor relaci\u00f3n cos- to-eficiencia, considerando los est\u00e1ndares del Plan de Prevenci\u00f3n y Descontaminaci\u00f3n Atmosf\u00e9rica (PPDA) para comunas de la regi\u00f3n del Biob\u00edo.<br \/>Para formar parte de este registro, las empresas y profesionales deber\u00e1n realizar un programa de capa- citaci\u00f3n y formaci\u00f3n en temas de dise\u00f1o, construcci\u00f3n y ejecuci\u00f3n de proyectos de refacci\u00f3n t\u00e9rmica. Al certificarse, formar\u00e1n parte de un Registro de empresas y profesionales que poseen las aptitudes ne- cesarias para resolver este tipo de obras.<br \/>Este registro se encuentra vinculado en la Plataforma <span style=\"color: #166d5c; font-size: 18px; font-weight: 500;\"><strong>MEJORA TU VIVIENDA<\/strong><\/span> la cual permite co- nectar a las empresas y profesionales certificados con un mercado de usuarios interesados en mejorar y reacondicionar t\u00e9rmicamente sus viviendas.<br \/><em>Revisa el registro de empresas y profesionales certificados<\/em><span style=\"color: #166d5c; font-size: 18px; font-weight: 500;\"><strong> AQU\u00cd .<\/strong><\/span><\/p>\n<p>[\/et_pb_text][\/et_pb_column][\/et_pb_row][\/et_pb_section][et_pb_section fb_built=\u00bb1&#8243; _builder_version=\u00bb4.23&#8243; _module_preset=\u00bbdefault\u00bb background_color=\u00bbRGBA(255,255,255,0)\u00bb custom_margin=\u00bb0px||0px||false|false\u00bb custom_padding=\u00bb0px||0px||false|false\u00bb global_colors_info=\u00bb{}\u00bb][et_pb_row custom_padding_last_edited=\u00bbon|phone\u00bb _builder_version=\u00bb4.23&#8243; _module_preset=\u00bbdefault\u00bb background_color=\u00bb#FFFFFF\u00bb width_tablet=\u00bb90%\u00bb width_phone=\u00bb95%\u00bb width_last_edited=\u00bbon|tablet\u00bb module_alignment=\u00bbcenter\u00bb custom_padding=\u00bb60px|5%|10px|5%|false|true\u00bb custom_padding_tablet=\u00bb70px|5%|10px|5%|false|true\u00bb custom_padding_phone=\u00bb|7%||7%|false|true\u00bb global_colors_info=\u00bb{}\u00bb][et_pb_column type=\u00bb4_4&#8243; _builder_version=\u00bb4.23&#8243; _module_preset=\u00bbdefault\u00bb global_colors_info=\u00bb{}\u00bb][dipi_faq faq_categories=\u00bb12&#8243; faq_order_by=\u00bbdate\u00bb faq_layout=\u00bbaccordion\u00bb accordion_open_first=\u00bbon\u00bb icon_animate=\u00bbon\u00bb icon_closed=\u00bb&#x43;||divi||400&#8243; icon_open=\u00bb&#x42;||divi||400&#8243; icon_open_color=\u00bb#FFFFFF\u00bb icon_closed_color=\u00bb#FFFFFF\u00bb icon_open_bg_color=\u00bbRGBA(255,255,255,0)\u00bb icon_closed_bg_color=\u00bbRGBA(255,255,255,0)\u00bb icon_open_font_size=\u00bb40px\u00bb icon_closed_font_size=\u00bb40px\u00bb entry_background_closed=\u00bb#24C6CE\u00bb entry_background_open=\u00bb#24C6CE\u00bb entry_margin_closed=\u00bb||15px||false|false\u00bb content_background_closed=\u00bb#FFFFFF\u00bb content_padding_open=\u00bb20px||20px||false|false\u00bb _builder_version=\u00bb4.23.1&#8243; _module_preset=\u00bbdefault\u00bb title_closed_font=\u00bbPoppins|700|||||||\u00bb title_closed_text_color=\u00bb#FFFFFF\u00bb title_closed_font_size=\u00bb24px\u00bb title_closed_line_height=\u00bb1.1em\u00bb content_open_font=\u00bbPoppins|300|||||||\u00bb content_open_font_size=\u00bb15px\u00bb content_open_line_height=\u00bb1.7em\u00bb module_alignment=\u00bbcenter\u00bb title_closed_font_size_tablet=\u00bb23px\u00bb title_closed_font_size_phone=\u00bb22px\u00bb title_closed_font_size_last_edited=\u00bbon|phone\u00bb border_color_all=\u00bbRGBA(255,255,255,0)\u00bb border_color_all_entries_closed=\u00bb#FFFFFF\u00bb border_color_all_entries_open=\u00bb#FFFFFF\u00bb border_color_all_title_closed=\u00bbRGBA(255,255,255,0)\u00bb border_color_all_title_open=\u00bbRGBA(255,255,255,0)\u00bb border_color_all_content_closed=\u00bbRGBA(255,255,255,0)\u00bb border_color_all_content_open=\u00bbRGBA(255,255,255,0)\u00bb global_colors_info=\u00bb{}\u00bb][\/dipi_faq][\/et_pb_column][\/et_pb_row][\/et_pb_section][et_pb_section fb_built=\u00bb1&#8243; _builder_version=\u00bb4.23&#8243; _module_preset=\u00bbdefault\u00bb background_color=\u00bbRGBA(255,255,255,0)\u00bb custom_margin=\u00bb0px||0px||false|false\u00bb custom_padding=\u00bb0px||0px||false|false\u00bb global_colors_info=\u00bb{}\u00bb][et_pb_row column_structure=\u00bb1_2,1_2&#8243; custom_padding_last_edited=\u00bbon|phone\u00bb _builder_version=\u00bb4.23&#8243; _module_preset=\u00bbdefault\u00bb background_color=\u00bb#FFFFFF\u00bb width_tablet=\u00bb90%\u00bb width_phone=\u00bb95%\u00bb width_last_edited=\u00bbon|tablet\u00bb module_alignment=\u00bbcenter\u00bb custom_padding=\u00bb89px|5%|78px|5%|false|true\u00bb custom_padding_tablet=\u00bb80px|5%|55px|5%|false|true\u00bb custom_padding_phone=\u00bb|7%||7%|false|true\u00bb global_colors_info=\u00bb{}\u00bb][et_pb_column type=\u00bb1_2&#8243; _builder_version=\u00bb4.23&#8243; _module_preset=\u00bbdefault\u00bb global_colors_info=\u00bb{}\u00bb][et_pb_image src=\u00bbhttp:\/\/retav.ubiobio.cl\/fic_web\/wp-content\/uploads\/2023\/11\/Mesa-de-trabajo-1-1.png\u00bb _builder_version=\u00bb4.23&#8243; _module_preset=\u00bbdefault\u00bb global_colors_info=\u00bb{}\u00bb][\/et_pb_image][\/et_pb_column][et_pb_column type=\u00bb1_2&#8243; _builder_version=\u00bb4.23&#8243; _module_preset=\u00bbdefault\u00bb global_colors_info=\u00bb{}\u00bb][et_pb_text _builder_version=\u00bb4.23&#8243; _module_preset=\u00bbdefault\u00bb text_font=\u00bbPoppins|300|||||||\u00bb text_text_color=\u00bb#383838&#8243; text_font_size=\u00bb16px\u00bb text_letter_spacing=\u00bb0.5px\u00bb text_line_height=\u00bb1.8em\u00bb text_orientation=\u00bbcenter\u00bb custom_margin=\u00bb||2px|||\u00bb global_colors_info=\u00bb{}\u00bb]<\/p>\n<p>Colaboran instituciones p\u00fablicas y educacionales<\/p>\n<p>[\/et_pb_text][et_pb_image src=\u00bbhttp:\/\/retav.ubiobio.cl\/fic_web\/wp-content\/uploads\/2023\/11\/Mesa-de-trabajo-1-copia-1.png\u00bb title_text=\u00bbMesa de trabajo 1 copia\u00bb _builder_version=\u00bb4.23&#8243; _module_preset=\u00bbdefault\u00bb width=\u00bb93%\u00bb module_alignment=\u00bbcenter\u00bb global_colors_info=\u00bb{}\u00bb][\/et_pb_image][\/et_pb_column][\/et_pb_row][\/et_pb_section][et_pb_section fb_built=\u00bb1&#8243; _builder_version=\u00bb4.23&#8243; _module_preset=\u00bbdefault\u00bb background_color=\u00bbRGBA(255,255,255,0)\u00bb z_index=\u00bb9999&#8243; custom_padding=\u00bb0px||0px||false|false\u00bb global_colors_info=\u00bb{}\u00bb][et_pb_row column_structure=\u00bb1_4,1_4,1_2&#8243; _builder_version=\u00bb4.23&#8243; _module_preset=\u00bbdefault\u00bb background_color=\u00bb#FFFFFF\u00bb background_image=\u00bbhttp:\/\/retav.ubiobio.cl\/fic_web\/wp-content\/uploads\/2023\/10\/footer.png\u00bb custom_padding=\u00bb|||2%|false|false\u00bb global_colors_info=\u00bb{}\u00bb][et_pb_column type=\u00bb1_4&#8243; _builder_version=\u00bb4.23&#8243; _module_preset=\u00bbdefault\u00bb custom_css_main_element=\u00bbmargin: auto;\u00bb global_colors_info=\u00bb{}\u00bb][et_pb_image src=\u00bbhttp:\/\/retav.ubiobio.cl\/fic_web\/wp-content\/uploads\/2023\/10\/logo-02.svg\u00bb title_text=\u00bbRETAV BLANCO\u00bb url=\u00bbhttp:\/\/retav.ubiobio.cl\/fic_web\/index.php\/inicio\/\u00bb _builder_version=\u00bb4.23&#8243; _module_preset=\u00bbdefault\u00bb width=\u00bb89%\u00bb module_alignment=\u00bbleft\u00bb custom_padding=\u00bb0px||0px||false|false\u00bb global_colors_info=\u00bb{}\u00bb][\/et_pb_image][\/et_pb_column][et_pb_column type=\u00bb1_4&#8243; _builder_version=\u00bb4.23&#8243; _module_preset=\u00bbdefault\u00bb custom_padding=\u00bb|||10px|false|false\u00bb global_colors_info=\u00bb{}\u00bb][et_pb_blurb image=\u00bbhttp:\/\/retav.ubiobio.cl\/fic_web\/wp-content\/uploads\/2023\/10\/correo-electronico-03.svg\u00bb icon_placement=\u00bbleft\u00bb image_icon_width=\u00bb96%\u00bb _builder_version=\u00bb4.23&#8243; _module_preset=\u00bbdefault\u00bb header_font=\u00bbPoppins|500|||||||\u00bb header_text_color=\u00bb#FFFFFF\u00bb header_font_size=\u00bb14px\u00bb body_link_font=\u00bbPoppins||||||||\u00bb body_link_text_color=\u00bb#FFFFFF\u00bb image_icon_custom_margin=\u00bb-6px|-1px||8px|false|false\u00bb image_icon_custom_padding=\u00bb|0px||0px|false|false\u00bb module_alignment=\u00bbleft\u00bb custom_margin=\u00bb7px|||||\u00bb global_colors_info=\u00bb{}\u00bb]<\/p>\n<p><a href=\"+56418948930\">+56418948930<\/a><\/p>\n<p>[\/et_pb_blurb][et_pb_blurb image=\u00bbhttp:\/\/retav.ubiobio.cl\/fic_web\/wp-content\/uploads\/2023\/10\/correo-electronico-01.svg\u00bb icon_placement=\u00bbleft\u00bb image_icon_width=\u00bb96%\u00bb _builder_version=\u00bb4.23&#8243; _module_preset=\u00bbdefault\u00bb header_level=\u00bbh5&#8243; header_font=\u00bbPoppins|500||on|||||\u00bb header_text_color=\u00bb#FFFFFF\u00bb header_font_size=\u00bb15px\u00bb body_font=\u00bbPoppins||||||||\u00bb body_text_color=\u00bb#FFFFFF\u00bb body_link_text_color=\u00bb#FFFFFF\u00bb image_icon_custom_margin=\u00bb-6px|-1px||8px|false|false\u00bb image_icon_custom_padding=\u00bb|0px||0px|false|false\u00bb module_alignment=\u00bbleft\u00bb custom_margin=\u00bb21px|||||\u00bb global_colors_info=\u00bb{}\u00bb]<\/p>\n<p><a href=\"mailto:info@mejoratuvivienda.cl\">info@mejoratuvivienda.cl<\/a><\/p>\n<p>[\/et_pb_blurb][\/et_pb_column][et_pb_column type=\u00bb1_2&#8243; _builder_version=\u00bb4.23&#8243; _module_preset=\u00bbdefault\u00bb custom_css_main_element=\u00bbmargin: auto;\u00bb global_colors_info=\u00bb{}\u00bb][et_pb_blurb image=\u00bbhttp:\/\/retav.ubiobio.cl\/fic_web\/wp-content\/uploads\/2023\/10\/correo-electronico-02.svg\u00bb icon_placement=\u00bbleft\u00bb image_icon_width=\u00bb96%\u00bb _builder_version=\u00bb4.23&#8243; _module_preset=\u00bbdefault\u00bb header_level=\u00bbh5&#8243; header_font=\u00bbPoppins|500||on|||||\u00bb header_text_color=\u00bb#FFFFFF\u00bb header_font_size=\u00bb15px\u00bb body_font=\u00bbPoppins||||||||\u00bb body_text_color=\u00bb#FFFFFF\u00bb image_icon_custom_margin=\u00bb6px|-1px||8px|false|false\u00bb image_icon_custom_padding=\u00bb|0px||0px|false|false\u00bb width=\u00bb60%\u00bb width_tablet=\u00bb50%\u00bb width_phone=\u00bb100%\u00bb width_last_edited=\u00bbon|tablet\u00bb module_alignment=\u00bbleft\u00bb custom_margin=\u00bb17px|||||\u00bb custom_margin_tablet=\u00bb5px||||false|false\u00bb custom_margin_phone=\u00bb5px||||false|false\u00bb custom_margin_last_edited=\u00bbon|tablet\u00bb module_alignment_tablet=\u00bbcenter\u00bb module_alignment_phone=\u00bbcenter\u00bb module_alignment_last_edited=\u00bbon|phone\u00bb global_colors_info=\u00bb{}\u00bb]<\/p>\n<div class=\"page\" title=\"Page 1\">\n<div class=\"section\">\n<div class=\"layoutArea\">\n<div class=\"column\">\n<p><span>Avda. Collao 1202 Casilla 5-C, Concepcio\u0301n, Bi\u0301o Bi\u0301o<\/span><\/p>\n<\/div>\n<\/div>\n<\/div>\n<\/div>\n<p>[\/et_pb_blurb][\/et_pb_column][\/et_pb_row][\/et_pb_section]<\/p>\n","protected":false},"excerpt":{"rendered":"<p>\u00bfQU\u00c9 ES EL REGISTRO Y POR QU\u00c9 CERTIFICARSE?El registro de empresas y profesionales de la construcci\u00f3n y refacci\u00f3n t\u00e9rmica es un listado, o base de datos, que identifica y visibiliza a todas aquellas empresas y profesionales de la construcci\u00f3n capacita- dos y certificados para desarrollar proyectos y obras de refacci\u00f3n t\u00e9rmica, con la mejor relaci\u00f3n [&hellip;]<\/p>\n","protected":false},"author":1,"featured_media":0,"parent":0,"menu_order":0,"comment_status":"closed","ping_status":"closed","template":"","meta":{"_et_pb_use_builder":"on","_et_pb_old_content":"<!-- wp:divi\/placeholder \/-->","_et_gb_content_width":"","footnotes":"","_links_to":"","_links_to_target":""},"dipi_cpt_category":[],"class_list":["post-563","page","type-page","status-publish","hentry"],"_links":{"self":[{"href":"https:\/\/retav.ubiobio.cl\/fic_web\/index.php\/wp-json\/wp\/v2\/pages\/563","targetHints":{"allow":["GET"]}}],"collection":[{"href":"https:\/\/retav.ubiobio.cl\/fic_web\/index.php\/wp-json\/wp\/v2\/pages"}],"about":[{"href":"https:\/\/retav.ubiobio.cl\/fic_web\/index.php\/wp-json\/wp\/v2\/types\/page"}],"author":[{"embeddable":true,"href":"https:\/\/retav.ubiobio.cl\/fic_web\/index.php\/wp-json\/wp\/v2\/users\/1"}],"replies":[{"embeddable":true,"href":"https:\/\/retav.ubiobio.cl\/fic_web\/index.php\/wp-json\/wp\/v2\/comments?post=563"}],"version-history":[{"count":4,"href":"https:\/\/retav.ubiobio.cl\/fic_web\/index.php\/wp-json\/wp\/v2\/pages\/563\/revisions"}],"predecessor-version":[{"id":1026,"href":"https:\/\/retav.ubiobio.cl\/fic_web\/index.php\/wp-json\/wp\/v2\/pages\/563\/revisions\/1026"}],"wp:attachment":[{"href":"https:\/\/retav.ubiobio.cl\/fic_web\/index.php\/wp-json\/wp\/v2\/media?parent=563"}],"wp:term":[{"taxonomy":"dipi_cpt_category","embeddable":true,"href":"https:\/\/retav.ubiobio.cl\/fic_web\/index.php\/wp-json\/wp\/v2\/dipi_cpt_category?post=563"}],"curies":[{"name":"wp","href":"https:\/\/api.w.org\/{rel}","templated":true}]}}